{"id":3142,"date":"2023-05-15T15:10:09","date_gmt":"2023-05-15T13:10:09","guid":{"rendered":"https:\/\/www.foudretech.com\/?page_id=3142"},"modified":"2023-05-16T11:04:40","modified_gmt":"2023-05-16T09:04:40","slug":"contactar-con-el-responsable-de-datos","status":"publish","type":"page","link":"https:\/\/www.foudretech.com\/es\/centro-de-privacidad\/contactar-con-el-responsable-de-datos","title":{"rendered":"Contactar con el Responsable de datos"},"content":{"rendered":"<p>[et_pb_section fb_built=&#8221;1&#8243; admin_label=&#8221;section&#8221; _builder_version=&#8221;4.16&#8243; global_colors_info=&#8221;{}&#8221; locked=&#8221;off&#8221; theme_builder_area=&#8221;post_content&#8221;][et_pb_row admin_label=&#8221;row&#8221; _builder_version=&#8221;4.16&#8243; background_size=&#8221;initial&#8221; background_position=&#8221;top_left&#8221; background_repeat=&#8221;repeat&#8221; global_colors_info=&#8221;{}&#8221; theme_builder_area=&#8221;post_content&#8221;][et_pb_column type=&#8221;4_4&#8243; _builder_version=&#8221;4.16&#8243; custom_padding=&#8221;|||&#8221; global_colors_info=&#8221;{}&#8221; custom_padding__hover=&#8221;|||&#8221; theme_builder_area=&#8221;post_content&#8221;][et_pb_text _builder_version=&#8221;4.21.0&#8243; _module_preset=&#8221;default&#8221; theme_builder_area=&#8221;post_content&#8221; hover_enabled=&#8221;0&#8243; sticky_enabled=&#8221;0&#8243;]<\/p>\n<h1>Contactar con el Responsable de datos<\/h1>\n<p>[\/et_pb_text][et_pb_text admin_label=&#8221;Text&#8221; _builder_version=&#8221;4.16&#8243; background_size=&#8221;initial&#8221; background_position=&#8221;top_left&#8221; background_repeat=&#8221;repeat&#8221; global_colors_info=&#8221;{}&#8221; theme_builder_area=&#8221;post_content&#8221;]<a class=\"wordpress-gdpr-back-link\" href=\"https:\/\/www.foudretech.com\/centre-de-confidentialite\">&larr; Regresar al Centro de privacidad<\/a><form action=\"\/es\/wp-json\/wp\/v2\/pages\/3142\" class=\"wordpress-gdpr-form wordpress-gdpr-form-contact-dpo\" method=\"post\"><input type=\"hidden\" name=\"wordpress_gdpr_form_type\" value=\"contact-dpo\"><div class=\"form-group\"><label for=\"gdpr_firstname\">Su nombre<\/label><input class=\"form-control\" type=\"text\" name=\"gdpr_firstname\" value=\"\" required \/><\/div><div class=\"form-group\"><label for=\"gdpr_lastname\">Sus apellidos<\/label><input class=\"form-control\" type=\"text\" name=\"gdpr_lastname\" value=\"\" required \/><\/div><div class=\"form-group\"><label for=\"gdpr_email\">Su correo electr\u00f3nico<\/label><input class=\"form-control\" type=\"email\" name=\"gdpr_email\" value=\"\" required \/><\/div><div class=\"form-group\"><label for=\"gdpr_message\">Su mensaje<\/label><textarea class=\"form-control\" name=\"gdpr_message\" required \/><\/textarea><\/div><div class=\"form-group\"><label for=\"gdpr_terms\"><input id=\"gdpr_terms\" class=\"form-control\" type=\"checkbox\" name=\"gdpr_terms\" value=\"1\" required \/><span class=\"gdpr-accept-conditiones-text\">J'accepte la politique de confidentialit\u00e9 et que mes donn\u00e9es seront stock\u00e9es pour cette demande RGPD.<\/span><\/label><\/div><input type=\"submit\" name=\"gdpr_submitted\" value=\"Enviar\"\/><\/form>[\/et_pb_text][\/et_pb_column][\/et_pb_row][\/et_pb_section]<\/p>\n","protected":false},"excerpt":{"rendered":"<p>Contactar con el Responsable de datos<\/p>\n","protected":false},"author":1,"featured_media":0,"parent":3140,"menu_order":0,"comment_status":"closed","ping_status":"closed","template":"","meta":{"_et_pb_use_builder":"on","_et_pb_old_content":"<!-- wp:divi\/placeholder \/-->","_et_gb_content_width":"","footnotes":""},"class_list":["post-3142","page","type-page","status-publish","hentry"],"yoast_head":"<!-- This site is optimized with the Yoast SEO plugin v27.2 - https:\/\/yoast.com\/product\/yoast-seo-wordpress\/ -->\n<title>Contactar con el Responsable de datos - Foudretech - Solutions de protection contre la Foudre<\/title>\n<meta name=\"description\" content=\"Foudretech - Solutions de protection contre la Foudre. Contactar con el Responsable de datos\" \/>\n<meta name=\"robots\" content=\"noindex, nofollow\" \/>\n<meta property=\"og:locale\" content=\"es_ES\" \/>\n<meta property=\"og:type\" content=\"article\" \/>\n<meta property=\"og:title\" content=\"Contactar con el Responsable de datos - Foudretech - Solutions de protection contre la Foudre\" \/>\n<meta property=\"og:description\" content=\"Foudretech - Solutions de protection contre la Foudre. Contactar con el Responsable de datos\" \/>\n<meta property=\"og:url\" content=\"https:\/\/www.foudretech.com\/es\/centro-de-privacidad\/contactar-con-el-responsable-de-datos\" \/>\n<meta property=\"og:site_name\" content=\"Foudretech - Solutions de protection contre la Foudre\" \/>\n<meta property=\"article:modified_time\" content=\"2023-05-16T09:04:40+00:00\" \/>\n<meta name=\"twitter:card\" content=\"summary_large_image\" \/>\n<script type=\"application\/ld+json\" class=\"yoast-schema-graph\">{\"@context\":\"https:\/\/schema.org\",\"@graph\":[{\"@type\":\"WebPage\",\"@id\":\"https:\/\/www.foudretech.com\/es\/centro-de-privacidad\/contactar-con-el-responsable-de-datos\",\"url\":\"https:\/\/www.foudretech.com\/es\/centro-de-privacidad\/contactar-con-el-responsable-de-datos\",\"name\":\"Contactar con el Responsable de datos - Foudretech - Solutions de protection contre la Foudre\",\"isPartOf\":{\"@id\":\"https:\/\/www.foudretech.com\/es#website\"},\"datePublished\":\"2023-05-15T13:10:09+00:00\",\"dateModified\":\"2023-05-16T09:04:40+00:00\",\"description\":\"Foudretech - Solutions de protection contre la Foudre. Contactar con el Responsable de datos\",\"breadcrumb\":{\"@id\":\"https:\/\/www.foudretech.com\/es\/centro-de-privacidad\/contactar-con-el-responsable-de-datos#breadcrumb\"},\"inLanguage\":\"es\",\"potentialAction\":[{\"@type\":\"ReadAction\",\"target\":[\"https:\/\/www.foudretech.com\/es\/centro-de-privacidad\/contactar-con-el-responsable-de-datos\"]}]},{\"@type\":\"BreadcrumbList\",\"@id\":\"https:\/\/www.foudretech.com\/es\/centro-de-privacidad\/contactar-con-el-responsable-de-datos#breadcrumb\",\"itemListElement\":[{\"@type\":\"ListItem\",\"position\":1,\"name\":\"Home\",\"item\":\"https:\/\/www.foudretech.com\/es\"},{\"@type\":\"ListItem\",\"position\":2,\"name\":\"Centro de privacidad\",\"item\":\"https:\/\/www.foudretech.com\/es\/centre-de-confidentialite\"},{\"@type\":\"ListItem\",\"position\":3,\"name\":\"Contactar con el Responsable de datos\"}]},{\"@type\":\"WebSite\",\"@id\":\"https:\/\/www.foudretech.com\/es#website\",\"url\":\"https:\/\/www.foudretech.com\/es\",\"name\":\"Foudretech - Solutions de protection contre la Foudre\",\"description\":\"Foudretech solutions de protection contre la Foudre\",\"publisher\":{\"@id\":\"https:\/\/www.foudretech.com\/es#organization\"},\"potentialAction\":[{\"@type\":\"SearchAction\",\"target\":{\"@type\":\"EntryPoint\",\"urlTemplate\":\"https:\/\/www.foudretech.com\/es?s={search_term_string}\"},\"query-input\":{\"@type\":\"PropertyValueSpecification\",\"valueRequired\":true,\"valueName\":\"search_term_string\"}}],\"inLanguage\":\"es\"},{\"@type\":\"Organization\",\"@id\":\"https:\/\/www.foudretech.com\/es#organization\",\"name\":\"Foudretech\",\"url\":\"https:\/\/www.foudretech.com\/es\",\"logo\":{\"@type\":\"ImageObject\",\"inLanguage\":\"es\",\"@id\":\"https:\/\/www.foudretech.com\/es#\/schema\/logo\/image\/\",\"url\":\"https:\/\/www.foudretech.com\/wp-content\/uploads\/2020\/07\/ico-foudretech-fr.png\",\"contentUrl\":\"https:\/\/www.foudretech.com\/wp-content\/uploads\/2020\/07\/ico-foudretech-fr.png\",\"width\":85,\"height\":85,\"caption\":\"Foudretech\"},\"image\":{\"@id\":\"https:\/\/www.foudretech.com\/es#\/schema\/logo\/image\/\"}}]}<\/script>\n<!-- \/ Yoast SEO plugin. -->","yoast_head_json":{"title":"Contactar con el Responsable de datos - Foudretech - Solutions de protection contre la Foudre","description":"Foudretech - Solutions de protection contre la Foudre. Contactar con el Responsable de datos","robots":{"index":"noindex","follow":"nofollow"},"og_locale":"es_ES","og_type":"article","og_title":"Contactar con el Responsable de datos - Foudretech - Solutions de protection contre la Foudre","og_description":"Foudretech - Solutions de protection contre la Foudre. Contactar con el Responsable de datos","og_url":"https:\/\/www.foudretech.com\/es\/centro-de-privacidad\/contactar-con-el-responsable-de-datos","og_site_name":"Foudretech - Solutions de protection contre la Foudre","article_modified_time":"2023-05-16T09:04:40+00:00","twitter_card":"summary_large_image","schema":{"@context":"https:\/\/schema.org","@graph":[{"@type":"WebPage","@id":"https:\/\/www.foudretech.com\/es\/centro-de-privacidad\/contactar-con-el-responsable-de-datos","url":"https:\/\/www.foudretech.com\/es\/centro-de-privacidad\/contactar-con-el-responsable-de-datos","name":"Contactar con el Responsable de datos - Foudretech - Solutions de protection contre la Foudre","isPartOf":{"@id":"https:\/\/www.foudretech.com\/es#website"},"datePublished":"2023-05-15T13:10:09+00:00","dateModified":"2023-05-16T09:04:40+00:00","description":"Foudretech - Solutions de protection contre la Foudre. Contactar con el Responsable de datos","breadcrumb":{"@id":"https:\/\/www.foudretech.com\/es\/centro-de-privacidad\/contactar-con-el-responsable-de-datos#breadcrumb"},"inLanguage":"es","potentialAction":[{"@type":"ReadAction","target":["https:\/\/www.foudretech.com\/es\/centro-de-privacidad\/contactar-con-el-responsable-de-datos"]}]},{"@type":"BreadcrumbList","@id":"https:\/\/www.foudretech.com\/es\/centro-de-privacidad\/contactar-con-el-responsable-de-datos#breadcrumb","itemListElement":[{"@type":"ListItem","position":1,"name":"Home","item":"https:\/\/www.foudretech.com\/es"},{"@type":"ListItem","position":2,"name":"Centro de privacidad","item":"https:\/\/www.foudretech.com\/es\/centre-de-confidentialite"},{"@type":"ListItem","position":3,"name":"Contactar con el Responsable de datos"}]},{"@type":"WebSite","@id":"https:\/\/www.foudretech.com\/es#website","url":"https:\/\/www.foudretech.com\/es","name":"Foudretech - Solutions de protection contre la Foudre","description":"Foudretech solutions de protection contre la Foudre","publisher":{"@id":"https:\/\/www.foudretech.com\/es#organization"},"potentialAction":[{"@type":"SearchAction","target":{"@type":"EntryPoint","urlTemplate":"https:\/\/www.foudretech.com\/es?s={search_term_string}"},"query-input":{"@type":"PropertyValueSpecification","valueRequired":true,"valueName":"search_term_string"}}],"inLanguage":"es"},{"@type":"Organization","@id":"https:\/\/www.foudretech.com\/es#organization","name":"Foudretech","url":"https:\/\/www.foudretech.com\/es","logo":{"@type":"ImageObject","inLanguage":"es","@id":"https:\/\/www.foudretech.com\/es#\/schema\/logo\/image\/","url":"https:\/\/www.foudretech.com\/wp-content\/uploads\/2020\/07\/ico-foudretech-fr.png","contentUrl":"https:\/\/www.foudretech.com\/wp-content\/uploads\/2020\/07\/ico-foudretech-fr.png","width":85,"height":85,"caption":"Foudretech"},"image":{"@id":"https:\/\/www.foudretech.com\/es#\/schema\/logo\/image\/"}}]}},"_links":{"self":[{"href":"https:\/\/www.foudretech.com\/es\/wp-json\/wp\/v2\/pages\/3142","targetHints":{"allow":["GET"]}}],"collection":[{"href":"https:\/\/www.foudretech.com\/es\/wp-json\/wp\/v2\/pages"}],"about":[{"href":"https:\/\/www.foudretech.com\/es\/wp-json\/wp\/v2\/types\/page"}],"author":[{"embeddable":true,"href":"https:\/\/www.foudretech.com\/es\/wp-json\/wp\/v2\/users\/1"}],"replies":[{"embeddable":true,"href":"https:\/\/www.foudretech.com\/es\/wp-json\/wp\/v2\/comments?post=3142"}],"version-history":[{"count":5,"href":"https:\/\/www.foudretech.com\/es\/wp-json\/wp\/v2\/pages\/3142\/revisions"}],"predecessor-version":[{"id":3235,"href":"https:\/\/www.foudretech.com\/es\/wp-json\/wp\/v2\/pages\/3142\/revisions\/3235"}],"up":[{"embeddable":true,"href":"https:\/\/www.foudretech.com\/es\/wp-json\/wp\/v2\/pages\/3140"}],"wp:attachment":[{"href":"https:\/\/www.foudretech.com\/es\/wp-json\/wp\/v2\/media?parent=3142"}],"curies":[{"name":"wp","href":"https:\/\/api.w.org\/{rel}","templated":true}]}}