{"id":3146,"date":"2023-05-15T15:15:46","date_gmt":"2023-05-15T13:15:46","guid":{"rendered":"https:\/\/www.foudretech.com\/?page_id=3146"},"modified":"2023-05-18T13:39:14","modified_gmt":"2023-05-18T11:39:14","slug":"politica-de-cookies","status":"publish","type":"page","link":"https:\/\/www.foudretech.com\/es\/centro-de-privacidad\/politica-de-cookies","title":{"rendered":"Pol\u00edtica de cookies"},"content":{"rendered":"<p>[et_pb_section fb_built=&#8221;1&#8243; _builder_version=&#8221;4.21.0&#8243; _module_preset=&#8221;default&#8221; global_colors_info=&#8221;{}&#8221;][et_pb_row _builder_version=&#8221;4.21.0&#8243; _module_preset=&#8221;default&#8221; global_colors_info=&#8221;{}&#8221;][et_pb_column type=&#8221;4_4&#8243; _builder_version=&#8221;4.21.0&#8243; _module_preset=&#8221;default&#8221; global_colors_info=&#8221;{}&#8221;][et_pb_text _builder_version=&#8221;4.21.0&#8243; _module_preset=&#8221;default&#8221; global_colors_info=&#8221;{}&#8221;]<\/p>\n<h1><strong>Pol\u00edtica de Cookies<\/strong><\/h1>\n<p><strong><\/strong><\/p>\n<p><a class=\"wordpress-gdpr-back-link\" href=\"https:\/\/www.foudretech.com\/es\/centro-de-privacidad\">\u2190 Regresar al Centro de privacidad<\/a>[\/et_pb_text][et_pb_text _builder_version=&#8221;4.21.0&#8243; _module_preset=&#8221;default&#8221; global_colors_info=&#8221;{}&#8221;]<\/p>\n<div class=\"elementor-element elementor-element-dd1b0ad elementor-widget elementor-widget-heading\" data-id=\"dd1b0ad\" data-element_type=\"widget\" data-widget_type=\"heading.default\">\n<div class=\"elementor-widget-container\">\n<div class=\"elementor-element elementor-element-dd1b0ad elementor-widget elementor-widget-heading\" data-id=\"dd1b0ad\" data-element_type=\"widget\" data-widget_type=\"heading.default\">\n<div class=\"elementor-widget-container\">\n<p class=\"elementor-heading-title elementor-size-default\">Esta web, foudretech.com utiliza cookies y otras tecnolog\u00edas relacionadas (para mayor comodidad, todas las tecnolog\u00edas se denominan \u00abcookies\u00bb). Las cookies tambi\u00e9n son colocadas por terceros a los que hemos contratado.<\/p>\n<\/div>\n<\/div>\n<div class=\"elementor-element elementor-element-6c250fa2 elementor-widget elementor-widget-text-editor\" data-id=\"6c250fa2\" data-element_type=\"widget\" data-widget_type=\"text-editor.default\">\n<div class=\"elementor-widget-container\">\n<p>En el siguiente documento te informamos sobre el uso de cookies en nuestra web.<\/p>\n<p><strong>\u00bfQu\u00e9 son las cookies?<\/strong><\/p>\n<p>Una cookie es un peque\u00f1o archivo simple que se env\u00eda junto con las p\u00e1ginas de esta web y que tu navegador almacena en el disco duro de tu ordenador o de otro dispositivo. La informaci\u00f3n almacenada puede ser devuelta a nuestros servidores o a los servidores de terceros relevantes durante una visita posterior.<\/p>\n<p>Su finalidad es ayudar y facilitar la navegaci\u00f3n del usuario ofreciendo contenidos e informaci\u00f3n de la visita, son asociadas a un usuario an\u00f3nimo y su dispositivo, en ning\u00fan caso a datos personales que permitan llegar a deducir el usuario.<\/p>\n<p>Las cookies no pueden da\u00f1ar su equipo y si est\u00e1n activadas ayudan a identificar y resolver los problemas.<\/p>\n<p><strong>Tipos de Cookies usadas<\/strong><\/p>\n<p><b>Cookies estrictamente necesarias \u2013\u00a0<\/b><b>Activas siempre<\/b><\/p>\n<p><span style=\"font-size: 14px;\">Estas cookies son necesarias para que el sitio web funcione y no se pueden desactivar en nuestros sistemas. Usualmente est\u00e1n configuradas para responder a acciones hechas por usted para recibir servicios, tales como ajustar sus preferencias de privacidad, iniciar sesi\u00f3n en el sitio, o llenar formularios. Usted puede configurar su navegador para bloquear o alertar la presencia de estas cookies, pero algunas partes del sitio web no funcionar\u00e1n. Estas cookies no guardan ninguna informaci\u00f3n personal identificable.<\/span><\/p>\n<p><strong>Consentimiento<\/strong><\/p>\n<p>Cuando visites nuestra web por primera vez, te mostraremos al pie de la misma una explicaci\u00f3n sobre las cookies. Puedes desactivar el uso de cookies a trav\u00e9s de tu navegador, pero, por favor, ten en cuenta que nuestra web puede dejar de funcionar correctamente.<\/p>\n<p><strong>Tus derechos con respecto a los datos personales<\/strong><\/p>\n<p>Tienes los siguientes derechos con respecto a tus datos personales:<\/p>\n<p>Tiene derecho a saber por qu\u00e9 se necesitan tus datos personales, qu\u00e9 suceder\u00e1 con ellos y durante cu\u00e1nto tiempo se conservar\u00e1n.<br \/>Derecho de acceso: tienes derecho a acceder a tus datos personales que conocemos.<\/p>\n<p>Derecho de rectificaci\u00f3n: tienes derecho a completar, rectificar, borrar o bloquear tus datos personales cuando lo desees.<\/p>\n<p>Si nos das tu consentimiento para procesar tus datos, tienes derecho a revocar dicho consentimiento y a que se eliminen tus datos personales.<\/p>\n<p>Derecho de cesi\u00f3n de tus datos: tienes derecho a solicitar todos tus datos personales al responsable del tratamiento y a transferirlos \u00edntegramente a otro responsable del tratamiento.<\/p>\n<p>Derecho de oposici\u00f3n: puedes oponerte al tratamiento de tus datos. Nosotros cumplimos con esto, a menos que existan motivos justificados para el procesamiento.<\/p>\n<p>Para ejercer estos derechos, por favor, contacta con nosotros. Por favor, consulta los detalles de contacto en la parte inferior de esta pol\u00edtica de cookies. Si tienes alguna queja sobre c\u00f3mo gestionamos tus datos, nos gustar\u00eda que nos la hicieras saber, pero tambi\u00e9n tienes derecho a enviar una queja a la autoridad supervisora (la autoridad de protecci\u00f3n de datos).<\/p>\n<p><strong>Activaci\u00f3n, desactivaci\u00f3n y eliminaci\u00f3n de cookies<\/strong><\/p>\n<p>Puedes utilizar tu navegador de Internet para eliminar las cookies de forma autom\u00e1tica o manual.<\/p>\n<table border=\"1\">\n<tbody>\n<tr>\n<td>Mozilla Firefox<\/td>\n<td>Herramientas -&gt; opciones -&gt; privacidad -&gt; historial -&gt; configuraci\u00f3n personalizada<\/td>\n<\/tr>\n<tr>\n<td>Internet Explorer<\/td>\n<td>Herramientas\u00a0<span>-&gt;\u00a0<\/span>opciones de internet-&gt;privacidad\u00a0<span>-&gt;\u00a0<\/span>configuraci\u00f3n<\/td>\n<\/tr>\n<tr>\n<td>Google Chrome<\/td>\n<td>Configuraci\u00f3n -&gt; mostrar Opciones avanzadas -&gt; privacidad y seguridad -&gt; configuraci\u00f3n de contenido<\/td>\n<\/tr>\n<tr>\n<td>Microsoft Edge<\/td>\n<td>Configuraci\u00f3n y m\u00e1s -&gt; Configuraci\u00f3n -&gt; Borrar datos de exploraci\u00f3n<\/td>\n<\/tr>\n<tr>\n<td>Safari<\/td>\n<td>Preferencias -&gt; seguridad<\/td>\n<\/tr>\n<\/tbody>\n<\/table>\n<p>&nbsp;<\/p>\n<p>Ten en cuenta que nuestra web puede no funcionar correctamente si todas las cookies est\u00e1n desactivadas. Si borras las cookies de tu navegador, se volver\u00e1n a colocar despu\u00e9s de tu consentimiento cuando vuelvas a visitar nuestra web.<\/p>\n<p><strong>Detalles de contacto<\/strong><\/p>\n<p>Para preguntas y\/o comentarios sobre nuestra pol\u00edtica de cookies y esta declaraci\u00f3n, por favor, contacta con nosotros usando los siguientes datos de contacto:<\/p>\n<p>Identidad: Foudretech<\/p>\n<p>NRT:<\/p>\n<p>Direcci\u00f3n: 2 avenue des cr\u00eates. 31520 Ramonville. Saint Agne \u2013 France.<\/p>\n<p>Tel\u00e9fono: +33 (0) 9 70 44 06 24<\/p>\n<p>Email:\u00a0<a href=\"mailto:%20info@foudretech.com\">info@foudretech.com<\/a><\/p>\n<p>Esta pol\u00edtica de cookies ha sido actualizada por \u00faltima vez el 5 de noviembre, 2020 y se aplica a los ciudadanos del Espacio Econ\u00f3mico Europeo.<\/p>\n<\/div>\n<\/div>\n<\/div>\n<\/div>\n<p>[\/et_pb_text][\/et_pb_column][\/et_pb_row][\/et_pb_section]<\/p>\n","protected":false},"excerpt":{"rendered":"<p>Pol\u00edtica de Cookies \u2190 Regresar al Centro de privacidad Esta web, foudretech.com utiliza cookies y otras tecnolog\u00edas relacionadas (para mayor comodidad, todas las tecnolog\u00edas se denominan \u00abcookies\u00bb). Las cookies tambi\u00e9n son colocadas por terceros a los que hemos contratado. En el siguiente documento te informamos sobre el uso de cookies en nuestra web. \u00bfQu\u00e9 son [&hellip;]<\/p>\n","protected":false},"author":1,"featured_media":0,"parent":3140,"menu_order":0,"comment_status":"closed","ping_status":"closed","template":"","meta":{"_et_pb_use_builder":"on","_et_pb_old_content":"","_et_gb_content_width":"","footnotes":""},"class_list":["post-3146","page","type-page","status-publish","hentry"],"yoast_head":"<!-- This site is optimized with the Yoast SEO plugin v27.2 - https:\/\/yoast.com\/product\/yoast-seo-wordpress\/ -->\n<title>Pol\u00edtica de cookies - Foudretech - Solutions de protection contre la Foudre<\/title>\n<meta name=\"robots\" content=\"index, follow, max-snippet:-1, max-image-preview:large, max-video-preview:-1\" \/>\n<link rel=\"canonical\" href=\"https:\/\/www.foudretech.com\/es\/centro-de-privacidad\/politica-de-cookies\" \/>\n<meta property=\"og:locale\" content=\"es_ES\" \/>\n<meta property=\"og:type\" content=\"article\" \/>\n<meta property=\"og:title\" content=\"Pol\u00edtica de cookies - Foudretech - Solutions de protection contre la Foudre\" \/>\n<meta property=\"og:description\" content=\"Pol\u00edtica de Cookies \u2190 Regresar al Centro de privacidad Esta web, foudretech.com utiliza cookies y otras tecnolog\u00edas relacionadas (para mayor comodidad, todas las tecnolog\u00edas se denominan \u00abcookies\u00bb). Las cookies tambi\u00e9n son colocadas por terceros a los que hemos contratado. En el siguiente documento te informamos sobre el uso de cookies en nuestra web. \u00bfQu\u00e9 son [&hellip;]\" \/>\n<meta property=\"og:url\" content=\"https:\/\/www.foudretech.com\/es\/centro-de-privacidad\/politica-de-cookies\" \/>\n<meta property=\"og:site_name\" content=\"Foudretech - Solutions de protection contre la Foudre\" \/>\n<meta property=\"article:modified_time\" content=\"2023-05-18T11:39:14+00:00\" \/>\n<meta name=\"twitter:card\" content=\"summary_large_image\" \/>\n<script type=\"application\/ld+json\" class=\"yoast-schema-graph\">{\"@context\":\"https:\/\/schema.org\",\"@graph\":[{\"@type\":\"WebPage\",\"@id\":\"https:\/\/www.foudretech.com\/es\/centro-de-privacidad\/politica-de-cookies\",\"url\":\"https:\/\/www.foudretech.com\/es\/centro-de-privacidad\/politica-de-cookies\",\"name\":\"Pol\u00edtica de cookies - Foudretech - Solutions de protection contre la Foudre\",\"isPartOf\":{\"@id\":\"https:\/\/www.foudretech.com\/es#website\"},\"datePublished\":\"2023-05-15T13:15:46+00:00\",\"dateModified\":\"2023-05-18T11:39:14+00:00\",\"breadcrumb\":{\"@id\":\"https:\/\/www.foudretech.com\/es\/centro-de-privacidad\/politica-de-cookies#breadcrumb\"},\"inLanguage\":\"es\",\"potentialAction\":[{\"@type\":\"ReadAction\",\"target\":[\"https:\/\/www.foudretech.com\/es\/centro-de-privacidad\/politica-de-cookies\"]}]},{\"@type\":\"BreadcrumbList\",\"@id\":\"https:\/\/www.foudretech.com\/es\/centro-de-privacidad\/politica-de-cookies#breadcrumb\",\"itemListElement\":[{\"@type\":\"ListItem\",\"position\":1,\"name\":\"Home\",\"item\":\"https:\/\/www.foudretech.com\/es\"},{\"@type\":\"ListItem\",\"position\":2,\"name\":\"Centro de privacidad\",\"item\":\"https:\/\/www.foudretech.com\/es\/centre-de-confidentialite\"},{\"@type\":\"ListItem\",\"position\":3,\"name\":\"Pol\u00edtica de cookies\"}]},{\"@type\":\"WebSite\",\"@id\":\"https:\/\/www.foudretech.com\/es#website\",\"url\":\"https:\/\/www.foudretech.com\/es\",\"name\":\"Foudretech - Solutions de protection contre la Foudre\",\"description\":\"Foudretech solutions de protection contre la Foudre\",\"publisher\":{\"@id\":\"https:\/\/www.foudretech.com\/es#organization\"},\"potentialAction\":[{\"@type\":\"SearchAction\",\"target\":{\"@type\":\"EntryPoint\",\"urlTemplate\":\"https:\/\/www.foudretech.com\/es?s={search_term_string}\"},\"query-input\":{\"@type\":\"PropertyValueSpecification\",\"valueRequired\":true,\"valueName\":\"search_term_string\"}}],\"inLanguage\":\"es\"},{\"@type\":\"Organization\",\"@id\":\"https:\/\/www.foudretech.com\/es#organization\",\"name\":\"Foudretech\",\"url\":\"https:\/\/www.foudretech.com\/es\",\"logo\":{\"@type\":\"ImageObject\",\"inLanguage\":\"es\",\"@id\":\"https:\/\/www.foudretech.com\/es#\/schema\/logo\/image\/\",\"url\":\"https:\/\/www.foudretech.com\/wp-content\/uploads\/2020\/07\/ico-foudretech-fr.png\",\"contentUrl\":\"https:\/\/www.foudretech.com\/wp-content\/uploads\/2020\/07\/ico-foudretech-fr.png\",\"width\":85,\"height\":85,\"caption\":\"Foudretech\"},\"image\":{\"@id\":\"https:\/\/www.foudretech.com\/es#\/schema\/logo\/image\/\"}}]}<\/script>\n<!-- \/ Yoast SEO plugin. -->","yoast_head_json":{"title":"Pol\u00edtica de cookies - Foudretech - Solutions de protection contre la Foudre","robots":{"index":"index","follow":"follow","max-snippet":"max-snippet:-1","max-image-preview":"max-image-preview:large","max-video-preview":"max-video-preview:-1"},"canonical":"https:\/\/www.foudretech.com\/es\/centro-de-privacidad\/politica-de-cookies","og_locale":"es_ES","og_type":"article","og_title":"Pol\u00edtica de cookies - Foudretech - Solutions de protection contre la Foudre","og_description":"Pol\u00edtica de Cookies \u2190 Regresar al Centro de privacidad Esta web, foudretech.com utiliza cookies y otras tecnolog\u00edas relacionadas (para mayor comodidad, todas las tecnolog\u00edas se denominan \u00abcookies\u00bb). Las cookies tambi\u00e9n son colocadas por terceros a los que hemos contratado. En el siguiente documento te informamos sobre el uso de cookies en nuestra web. \u00bfQu\u00e9 son [&hellip;]","og_url":"https:\/\/www.foudretech.com\/es\/centro-de-privacidad\/politica-de-cookies","og_site_name":"Foudretech - Solutions de protection contre la Foudre","article_modified_time":"2023-05-18T11:39:14+00:00","twitter_card":"summary_large_image","schema":{"@context":"https:\/\/schema.org","@graph":[{"@type":"WebPage","@id":"https:\/\/www.foudretech.com\/es\/centro-de-privacidad\/politica-de-cookies","url":"https:\/\/www.foudretech.com\/es\/centro-de-privacidad\/politica-de-cookies","name":"Pol\u00edtica de cookies - Foudretech - Solutions de protection contre la Foudre","isPartOf":{"@id":"https:\/\/www.foudretech.com\/es#website"},"datePublished":"2023-05-15T13:15:46+00:00","dateModified":"2023-05-18T11:39:14+00:00","breadcrumb":{"@id":"https:\/\/www.foudretech.com\/es\/centro-de-privacidad\/politica-de-cookies#breadcrumb"},"inLanguage":"es","potentialAction":[{"@type":"ReadAction","target":["https:\/\/www.foudretech.com\/es\/centro-de-privacidad\/politica-de-cookies"]}]},{"@type":"BreadcrumbList","@id":"https:\/\/www.foudretech.com\/es\/centro-de-privacidad\/politica-de-cookies#breadcrumb","itemListElement":[{"@type":"ListItem","position":1,"name":"Home","item":"https:\/\/www.foudretech.com\/es"},{"@type":"ListItem","position":2,"name":"Centro de privacidad","item":"https:\/\/www.foudretech.com\/es\/centre-de-confidentialite"},{"@type":"ListItem","position":3,"name":"Pol\u00edtica de cookies"}]},{"@type":"WebSite","@id":"https:\/\/www.foudretech.com\/es#website","url":"https:\/\/www.foudretech.com\/es","name":"Foudretech - Solutions de protection contre la Foudre","description":"Foudretech solutions de protection contre la Foudre","publisher":{"@id":"https:\/\/www.foudretech.com\/es#organization"},"potentialAction":[{"@type":"SearchAction","target":{"@type":"EntryPoint","urlTemplate":"https:\/\/www.foudretech.com\/es?s={search_term_string}"},"query-input":{"@type":"PropertyValueSpecification","valueRequired":true,"valueName":"search_term_string"}}],"inLanguage":"es"},{"@type":"Organization","@id":"https:\/\/www.foudretech.com\/es#organization","name":"Foudretech","url":"https:\/\/www.foudretech.com\/es","logo":{"@type":"ImageObject","inLanguage":"es","@id":"https:\/\/www.foudretech.com\/es#\/schema\/logo\/image\/","url":"https:\/\/www.foudretech.com\/wp-content\/uploads\/2020\/07\/ico-foudretech-fr.png","contentUrl":"https:\/\/www.foudretech.com\/wp-content\/uploads\/2020\/07\/ico-foudretech-fr.png","width":85,"height":85,"caption":"Foudretech"},"image":{"@id":"https:\/\/www.foudretech.com\/es#\/schema\/logo\/image\/"}}]}},"_links":{"self":[{"href":"https:\/\/www.foudretech.com\/es\/wp-json\/wp\/v2\/pages\/3146","targetHints":{"allow":["GET"]}}],"collection":[{"href":"https:\/\/www.foudretech.com\/es\/wp-json\/wp\/v2\/pages"}],"about":[{"href":"https:\/\/www.foudretech.com\/es\/wp-json\/wp\/v2\/types\/page"}],"author":[{"embeddable":true,"href":"https:\/\/www.foudretech.com\/es\/wp-json\/wp\/v2\/users\/1"}],"replies":[{"embeddable":true,"href":"https:\/\/www.foudretech.com\/es\/wp-json\/wp\/v2\/comments?post=3146"}],"version-history":[{"count":4,"href":"https:\/\/www.foudretech.com\/es\/wp-json\/wp\/v2\/pages\/3146\/revisions"}],"predecessor-version":[{"id":3243,"href":"https:\/\/www.foudretech.com\/es\/wp-json\/wp\/v2\/pages\/3146\/revisions\/3243"}],"up":[{"embeddable":true,"href":"https:\/\/www.foudretech.com\/es\/wp-json\/wp\/v2\/pages\/3140"}],"wp:attachment":[{"href":"https:\/\/www.foudretech.com\/es\/wp-json\/wp\/v2\/media?parent=3146"}],"curies":[{"name":"wp","href":"https:\/\/api.w.org\/{rel}","templated":true}]}}