{"id":3148,"date":"2023-05-15T15:16:48","date_gmt":"2023-05-15T13:16:48","guid":{"rendered":"https:\/\/www.foudretech.com\/?page_id=3148"},"modified":"2023-05-16T12:20:33","modified_gmt":"2023-05-16T10:20:33","slug":"descargo-de-responsabilidad","status":"publish","type":"page","link":"https:\/\/www.foudretech.com\/es\/centro-de-privacidad\/descargo-de-responsabilidad","title":{"rendered":"Descargo de responsabilidad"},"content":{"rendered":"<p>[et_pb_section fb_built=&#8221;1&#8243; _builder_version=&#8221;4.21.0&#8243; _module_preset=&#8221;default&#8221; global_colors_info=&#8221;{}&#8221; custom_padding=&#8221;||113px|||&#8221;][et_pb_row _builder_version=&#8221;4.21.0&#8243; _module_preset=&#8221;default&#8221; global_colors_info=&#8221;{}&#8221;][et_pb_column type=&#8221;4_4&#8243; _builder_version=&#8221;4.21.0&#8243; _module_preset=&#8221;default&#8221; global_colors_info=&#8221;{}&#8221;][et_pb_text _builder_version=&#8221;4.21.0&#8243; _module_preset=&#8221;default&#8221; hover_enabled=&#8221;0&#8243; sticky_enabled=&#8221;0&#8243;]<\/p>\n<h1>Descargo de responsabilidad<\/h1>\n<p>&nbsp;<\/p>\n<p><a class=\"wordpress-gdpr-back-link\" href=\"https:\/\/www.foudretech.com\/es\/centro-de-privacidad\">\u2190 Regresar al Centro de privacidad<\/a>[\/et_pb_text][et_pb_text _builder_version=&#8221;4.21.0&#8243; _module_preset=&#8221;default&#8221; global_colors_info=&#8221;{}&#8221;]<\/p>\n<div class=\"elementor-element elementor-element-114342f elementor-widget elementor-widget-heading\" data-id=\"114342f\" data-element_type=\"widget\" data-widget_type=\"heading.default\">\n<div class=\"elementor-widget-container\">\n<p class=\"elementor-heading-title elementor-size-default\">Este sitio web, foudretech.com, ha sido dise\u00f1ado y editado con el mayor cuidado posible. Sin embargo, la presencia de errores no puede descartarse por completo. foudretech.com no asume ninguna responsabilidad por cualquier informaci\u00f3n imprecisa. Tampoco asume ninguna responsabilidad por cualquier tipo de da\u00f1o, directo o indirecto, que pueda resultar del uso de esta informaci\u00f3n.<\/p>\n<\/div>\n<\/div>\n<div class=\"elementor-element elementor-element-bc43ae elementor-widget elementor-widget-text-editor\" data-id=\"bc43ae\" data-element_type=\"widget\" data-widget_type=\"text-editor.default\">\n<div class=\"elementor-widget-container\">\n<p>No es posible derivar ning\u00fan derecho de este sitio web ni reivindicar su contenido. Si desea usar la informaci\u00f3n aqu\u00ed disponible, primeramente; deber\u00e1 obtener el consentimiento de foudretech.com y verificar las condiciones de aplicaci\u00f3n.<\/p>\n<p>El contenido de este sitio est\u00e1 protegido por el derecho de autor. Se proh\u00edbe la copia o distribuci\u00f3n total o parcial del sitio web sin la autorizaci\u00f3n de foudretech.com. Si desea usar las marcas que son propiedad de foudretech.com de la forma que sea (texto, imagen, envasado, etc.), deber\u00e1 obtener el consentimiento previo, por escrito, de foudretech.com.<\/p>\n<p>foudretech.com no se hace responsable del acceso a la informaci\u00f3n en sitios web a trav\u00e9s de los enlaces contenidos en su propio sitio web.<br \/>Se proh\u00edbe la copia del sitio.<\/p>\n<p>foudretech.com puede modificar, complementar o eliminar en cualquier momento, sin previo aviso, la informaci\u00f3n proporcionada en el sitio.<\/p>\n<\/div>\n<\/div>\n<p>[\/et_pb_text][\/et_pb_column][\/et_pb_row][\/et_pb_section]<\/p>\n","protected":false},"excerpt":{"rendered":"<p>Descargo de responsabilidad<\/p>\n","protected":false},"author":1,"featured_media":0,"parent":3140,"menu_order":0,"comment_status":"closed","ping_status":"closed","template":"","meta":{"_et_pb_use_builder":"on","_et_pb_old_content":"<!-- wp:divi\/placeholder \/-->","_et_gb_content_width":"","footnotes":""},"class_list":["post-3148","page","type-page","status-publish","hentry"],"yoast_head":"<!-- This site is optimized with the Yoast SEO plugin v27.2 - https:\/\/yoast.com\/product\/yoast-seo-wordpress\/ -->\n<title>Descargo de responsabilidad - Foudretech - Solutions de protection contre la Foudre<\/title>\n<meta name=\"robots\" content=\"noindex, nofollow\" \/>\n<meta property=\"og:locale\" content=\"es_ES\" \/>\n<meta property=\"og:type\" content=\"article\" \/>\n<meta property=\"og:title\" content=\"Descargo de responsabilidad - Foudretech - Solutions de protection contre la Foudre\" \/>\n<meta property=\"og:description\" content=\"Descargo de responsabilidad\" \/>\n<meta property=\"og:url\" content=\"https:\/\/www.foudretech.com\/es\/centro-de-privacidad\/descargo-de-responsabilidad\" \/>\n<meta property=\"og:site_name\" content=\"Foudretech - Solutions de protection contre la Foudre\" \/>\n<meta property=\"article:modified_time\" content=\"2023-05-16T10:20:33+00:00\" \/>\n<meta name=\"twitter:card\" content=\"summary_large_image\" \/>\n<script type=\"application\/ld+json\" class=\"yoast-schema-graph\">{\"@context\":\"https:\/\/schema.org\",\"@graph\":[{\"@type\":\"WebPage\",\"@id\":\"https:\/\/www.foudretech.com\/es\/centro-de-privacidad\/descargo-de-responsabilidad\",\"url\":\"https:\/\/www.foudretech.com\/es\/centro-de-privacidad\/descargo-de-responsabilidad\",\"name\":\"Descargo de responsabilidad - Foudretech - Solutions de protection contre la Foudre\",\"isPartOf\":{\"@id\":\"https:\/\/www.foudretech.com\/es#website\"},\"datePublished\":\"2023-05-15T13:16:48+00:00\",\"dateModified\":\"2023-05-16T10:20:33+00:00\",\"breadcrumb\":{\"@id\":\"https:\/\/www.foudretech.com\/es\/centro-de-privacidad\/descargo-de-responsabilidad#breadcrumb\"},\"inLanguage\":\"es\",\"potentialAction\":[{\"@type\":\"ReadAction\",\"target\":[\"https:\/\/www.foudretech.com\/es\/centro-de-privacidad\/descargo-de-responsabilidad\"]}]},{\"@type\":\"BreadcrumbList\",\"@id\":\"https:\/\/www.foudretech.com\/es\/centro-de-privacidad\/descargo-de-responsabilidad#breadcrumb\",\"itemListElement\":[{\"@type\":\"ListItem\",\"position\":1,\"name\":\"Home\",\"item\":\"https:\/\/www.foudretech.com\/es\"},{\"@type\":\"ListItem\",\"position\":2,\"name\":\"Centro de privacidad\",\"item\":\"https:\/\/www.foudretech.com\/es\/centre-de-confidentialite\"},{\"@type\":\"ListItem\",\"position\":3,\"name\":\"Descargo de responsabilidad\"}]},{\"@type\":\"WebSite\",\"@id\":\"https:\/\/www.foudretech.com\/es#website\",\"url\":\"https:\/\/www.foudretech.com\/es\",\"name\":\"Foudretech - Solutions de protection contre la Foudre\",\"description\":\"Foudretech solutions de protection contre la Foudre\",\"publisher\":{\"@id\":\"https:\/\/www.foudretech.com\/es#organization\"},\"potentialAction\":[{\"@type\":\"SearchAction\",\"target\":{\"@type\":\"EntryPoint\",\"urlTemplate\":\"https:\/\/www.foudretech.com\/es?s={search_term_string}\"},\"query-input\":{\"@type\":\"PropertyValueSpecification\",\"valueRequired\":true,\"valueName\":\"search_term_string\"}}],\"inLanguage\":\"es\"},{\"@type\":\"Organization\",\"@id\":\"https:\/\/www.foudretech.com\/es#organization\",\"name\":\"Foudretech\",\"url\":\"https:\/\/www.foudretech.com\/es\",\"logo\":{\"@type\":\"ImageObject\",\"inLanguage\":\"es\",\"@id\":\"https:\/\/www.foudretech.com\/es#\/schema\/logo\/image\/\",\"url\":\"https:\/\/www.foudretech.com\/wp-content\/uploads\/2020\/07\/ico-foudretech-fr.png\",\"contentUrl\":\"https:\/\/www.foudretech.com\/wp-content\/uploads\/2020\/07\/ico-foudretech-fr.png\",\"width\":85,\"height\":85,\"caption\":\"Foudretech\"},\"image\":{\"@id\":\"https:\/\/www.foudretech.com\/es#\/schema\/logo\/image\/\"}}]}<\/script>\n<!-- \/ Yoast SEO plugin. -->","yoast_head_json":{"title":"Descargo de responsabilidad - Foudretech - Solutions de protection contre la Foudre","robots":{"index":"noindex","follow":"nofollow"},"og_locale":"es_ES","og_type":"article","og_title":"Descargo de responsabilidad - Foudretech - Solutions de protection contre la Foudre","og_description":"Descargo de responsabilidad","og_url":"https:\/\/www.foudretech.com\/es\/centro-de-privacidad\/descargo-de-responsabilidad","og_site_name":"Foudretech - Solutions de protection contre la Foudre","article_modified_time":"2023-05-16T10:20:33+00:00","twitter_card":"summary_large_image","schema":{"@context":"https:\/\/schema.org","@graph":[{"@type":"WebPage","@id":"https:\/\/www.foudretech.com\/es\/centro-de-privacidad\/descargo-de-responsabilidad","url":"https:\/\/www.foudretech.com\/es\/centro-de-privacidad\/descargo-de-responsabilidad","name":"Descargo de responsabilidad - Foudretech - Solutions de protection contre la Foudre","isPartOf":{"@id":"https:\/\/www.foudretech.com\/es#website"},"datePublished":"2023-05-15T13:16:48+00:00","dateModified":"2023-05-16T10:20:33+00:00","breadcrumb":{"@id":"https:\/\/www.foudretech.com\/es\/centro-de-privacidad\/descargo-de-responsabilidad#breadcrumb"},"inLanguage":"es","potentialAction":[{"@type":"ReadAction","target":["https:\/\/www.foudretech.com\/es\/centro-de-privacidad\/descargo-de-responsabilidad"]}]},{"@type":"BreadcrumbList","@id":"https:\/\/www.foudretech.com\/es\/centro-de-privacidad\/descargo-de-responsabilidad#breadcrumb","itemListElement":[{"@type":"ListItem","position":1,"name":"Home","item":"https:\/\/www.foudretech.com\/es"},{"@type":"ListItem","position":2,"name":"Centro de privacidad","item":"https:\/\/www.foudretech.com\/es\/centre-de-confidentialite"},{"@type":"ListItem","position":3,"name":"Descargo de responsabilidad"}]},{"@type":"WebSite","@id":"https:\/\/www.foudretech.com\/es#website","url":"https:\/\/www.foudretech.com\/es","name":"Foudretech - Solutions de protection contre la Foudre","description":"Foudretech solutions de protection contre la Foudre","publisher":{"@id":"https:\/\/www.foudretech.com\/es#organization"},"potentialAction":[{"@type":"SearchAction","target":{"@type":"EntryPoint","urlTemplate":"https:\/\/www.foudretech.com\/es?s={search_term_string}"},"query-input":{"@type":"PropertyValueSpecification","valueRequired":true,"valueName":"search_term_string"}}],"inLanguage":"es"},{"@type":"Organization","@id":"https:\/\/www.foudretech.com\/es#organization","name":"Foudretech","url":"https:\/\/www.foudretech.com\/es","logo":{"@type":"ImageObject","inLanguage":"es","@id":"https:\/\/www.foudretech.com\/es#\/schema\/logo\/image\/","url":"https:\/\/www.foudretech.com\/wp-content\/uploads\/2020\/07\/ico-foudretech-fr.png","contentUrl":"https:\/\/www.foudretech.com\/wp-content\/uploads\/2020\/07\/ico-foudretech-fr.png","width":85,"height":85,"caption":"Foudretech"},"image":{"@id":"https:\/\/www.foudretech.com\/es#\/schema\/logo\/image\/"}}]}},"_links":{"self":[{"href":"https:\/\/www.foudretech.com\/es\/wp-json\/wp\/v2\/pages\/3148","targetHints":{"allow":["GET"]}}],"collection":[{"href":"https:\/\/www.foudretech.com\/es\/wp-json\/wp\/v2\/pages"}],"about":[{"href":"https:\/\/www.foudretech.com\/es\/wp-json\/wp\/v2\/types\/page"}],"author":[{"embeddable":true,"href":"https:\/\/www.foudretech.com\/es\/wp-json\/wp\/v2\/users\/1"}],"replies":[{"embeddable":true,"href":"https:\/\/www.foudretech.com\/es\/wp-json\/wp\/v2\/comments?post=3148"}],"version-history":[{"count":5,"href":"https:\/\/www.foudretech.com\/es\/wp-json\/wp\/v2\/pages\/3148\/revisions"}],"predecessor-version":[{"id":3248,"href":"https:\/\/www.foudretech.com\/es\/wp-json\/wp\/v2\/pages\/3148\/revisions\/3248"}],"up":[{"embeddable":true,"href":"https:\/\/www.foudretech.com\/es\/wp-json\/wp\/v2\/pages\/3140"}],"wp:attachment":[{"href":"https:\/\/www.foudretech.com\/es\/wp-json\/wp\/v2\/media?parent=3148"}],"curies":[{"name":"wp","href":"https:\/\/api.w.org\/{rel}","templated":true}]}}